{"id":1996,"date":"2022-01-09T15:43:55","date_gmt":"2022-01-09T15:43:55","guid":{"rendered":"https:\/\/capsenegal.com\/?page_id=1996"},"modified":"2022-01-09T16:03:01","modified_gmt":"2022-01-09T16:03:01","slug":"mentions","status":"publish","type":"page","link":"https:\/\/capsenegal.com\/en\/mentions\/","title":{"rendered":"mentions"},"content":{"rendered":"<div data-elementor-type=\"wp-page\" data-elementor-id=\"1996\" class=\"elementor elementor-1996\" data-elementor-post-type=\"page\">\n\t\t\t\t\t\t<section class=\"elementor-section elementor-top-section elementor-element elementor-element-6e494e5 elementor-section-boxed elementor-section-height-default elementor-section-height-default\" data-id=\"6e494e5\" data-element_type=\"section\" data-e-type=\"section\">\n\t\t\t\t\t\t<div class=\"elementor-container elementor-column-gap-default\">\n\t\t\t\t\t<div class=\"elementor-column elementor-col-100 elementor-top-column elementor-element elementor-element-6dc87993\" data-id=\"6dc87993\" data-element_type=\"column\" data-e-type=\"column\">\n\t\t\t<div class=\"elementor-widget-wrap elementor-element-populated\">\n\t\t\t\t\t\t<div class=\"elementor-element elementor-element-e968046 elementor-widget elementor-widget-heading\" data-id=\"e968046\" data-element_type=\"widget\" data-e-type=\"widget\" data-widget_type=\"heading.default\">\n\t\t\t\t<div class=\"elementor-widget-container\">\n\t\t\t\t\t<h2 class=\"elementor-heading-title elementor-size-default\">Mentions l\u00e9gales<\/h2>\t\t\t\t<\/div>\n\t\t\t\t<\/div>\n\t\t\t\t<div class=\"elementor-element elementor-element-52f62afb elementor-widget elementor-widget-text-editor\" data-id=\"52f62afb\" data-element_type=\"widget\" data-e-type=\"widget\" data-widget_type=\"text-editor.default\">\n\t\t\t\t<div class=\"elementor-widget-container\">\n\t\t\t\t\t\t\t\t\t\n<ul class=\"wp-block-list\">\n<li><strong>Conditions d&rsquo;utilisation<\/strong><\/li>\n<\/ul>\n\n<p>Le site est accessible par l\u2019url suivante :\u00a0<a href=\"http:\/\/www.portdakar.sn\/\">www.capsenegal.com<\/a>\u00a0et est exploit\u00e9 dans le respect de la l\u00e9gislation s\u00e9n\u00e9galaise. L&rsquo;utilisation de ce site est r\u00e9gie par les pr\u00e9sentes conditions g\u00e9n\u00e9rales. En utilisant le site, vous reconnaissez avoir pris connaissance de ces conditions et les avoir accept\u00e9es. Celles-ci pourront \u00eatre modifi\u00e9es \u00e0 tout moment et sans pr\u00e9avis par <strong>CAP SENEGAL<\/strong> sans qu\u2019elle ne soit tenue pour responsable en aucune mani\u00e8re d\u2019une mauvaise utilisation du service.<\/p>\n\n<ul class=\"wp-block-list\">\n<li><strong>Limitation de responsabilit\u00e9<\/strong><\/li>\n<\/ul>\n\n<p>Les informations contenues sur ce site sont aussi pr\u00e9cises que possible, le site \u00e9tant p\u00e9riodiquement mis \u00e0 jour. Toutefois il peut\u00a0 contenir des inexactitudes ou des omissions. Si vous constatez une erreur ou ce qui parait \u00eatre un dysfonctionnement, merci de bien vouloir le signaler par email \u00e0 l\u2019adresse suivante contact@capsenegal.com,\u00a0 en d\u00e9crivant le probl\u00e8me de la mani\u00e8re la plus pr\u00e9cise possible (page posant probl\u00e8me, action d\u00e9clenchante, type d\u2019ordinateur et de navigateur utilis\u00e9,\u2026).<\/p>\n\n<p><strong>CAP SENEGAL<\/strong> ne peut en aucun cas \u00eatre tenue responsable relativement au contenu des sites web externes pour lesquels et vers lesquels elle offre des liens.<\/p>\n\n<p><strong>CAP SENEGAL<\/strong> ne peut en aucun cas \u00eatre tenue responsable relativement \u00e0 quelque pr\u00e9judice, inconv\u00e9nient et\/ou dommage li\u00e9 directement ou indirectement \u00e0 la lecture, \u00e0 la consultation et\/ou \u00e0 l\u2019utilisation du pr\u00e9sent site web et\/ou de son contenu.<\/p>\n\n<ul class=\"wp-block-list\">\n<li><strong>Donn\u00e9es personnelles<\/strong><\/li>\n<\/ul>\n\n<p><strong>\u200b<\/strong>Conform\u00e9ment \u00e0 la loi 2008 relative \u00e0 la protection des donn\u00e9es \u00e0 caract\u00e8re personnel relative \u00e0 l&rsquo;informatique, aux fichiers et aux libert\u00e9s, le site a fait<\/p>\n\n<p>Eu \u00e9gard \u00e0 la loi 2008 relative \u00e0 la protection des donn\u00e9es \u00e0 caract\u00e8re personnel, le Site \u00a0ne collecte des informations personnelles relatives \u00e0 l\u2019utilisateur que pour le besoin de certains services propos\u00e9s dans certaines de ses rubriques. L\u2019utilisateur fournit ces informations en toute connaissance de cause, notamment lorsqu\u2019il proc\u00e8de par lui-m\u00eame \u00e0 leur saisie.<\/p>\n\n<p>Aucune information personnelle de l\u2019utilisateur du site\u00a0du <strong>CAP SENEGAL<\/strong> n\u2019est publi\u00e9e \u00e0 l\u2019insu de l\u2019utilisateur, \u00e9chang\u00e9e, transf\u00e9r\u00e9e, c\u00e9d\u00e9e ou vendue sur un support quelconque \u00e0 des tiers.<\/p>\n\n<ul class=\"wp-block-list\">\n<li><strong>Propri\u00e9t\u00e9 intellectuelle<\/strong><\/li>\n<\/ul>\n\n<p>Tout le contenu du pr\u00e9sent site, incluant, de fa\u00e7on non limitative, les graphismes, images, textes, vid\u00e9os, animations, sons, logos, gifs et ic\u00f4nes ainsi que leur mise en forme sont la propri\u00e9t\u00e9 exclusive du <strong>CAP SENEGAL<\/strong> &#8211; \u00e0 l&rsquo;exception des marques, logos ou contenus appartenant \u00e0 d&rsquo;autres soci\u00e9t\u00e9s partenaires ou auteurs.<br \/>Toute reproduction, distribution, modification, adaptation, retransmission ou publication, m\u00eame partielle, de ces diff\u00e9rents \u00e9l\u00e9ments est strictement interdite sans l&rsquo;accord expr\u00e8s par \u00e9crit du <strong>CAP SENEGAL<\/strong>.<\/p>\n\t\t\t\t\t\t\t\t<\/div>\n\t\t\t\t<\/div>\n\t\t\t\t\t<\/div>\n\t\t<\/div>\n\t\t\t\t\t<\/div>\n\t\t<\/section>\n\t\t\t\t<\/div>","protected":false},"excerpt":{"rendered":"<p>Mentions l\u00e9gales Conditions d&rsquo;utilisation Le site est accessible par l\u2019url suivante :\u00a0www.capsenegal.com\u00a0et est exploit\u00e9 dans le respect de la l\u00e9gislation s\u00e9n\u00e9galaise. L&rsquo;utilisation de ce site est r\u00e9gie par les pr\u00e9sentes conditions g\u00e9n\u00e9rales. En utilisant le site, vous reconnaissez avoir pris connaissance de ces conditions et les avoir accept\u00e9es. Celles-ci pourront \u00eatre modifi\u00e9es \u00e0 tout moment [&hellip;]<\/p>\n","protected":false},"author":1,"featured_media":0,"parent":0,"menu_order":0,"comment_status":"closed","ping_status":"closed","template":"","meta":{"_acf_changed":false,"inline_featured_image":false,"footnotes":""},"class_list":["post-1996","page","type-page","status-publish","hentry"],"acf":[],"_links":{"self":[{"href":"https:\/\/capsenegal.com\/en\/wp-json\/wp\/v2\/pages\/1996","targetHints":{"allow":["GET"]}}],"collection":[{"href":"https:\/\/capsenegal.com\/en\/wp-json\/wp\/v2\/pages"}],"about":[{"href":"https:\/\/capsenegal.com\/en\/wp-json\/wp\/v2\/types\/page"}],"author":[{"embeddable":true,"href":"https:\/\/capsenegal.com\/en\/wp-json\/wp\/v2\/users\/1"}],"replies":[{"embeddable":true,"href":"https:\/\/capsenegal.com\/en\/wp-json\/wp\/v2\/comments?post=1996"}],"version-history":[{"count":11,"href":"https:\/\/capsenegal.com\/en\/wp-json\/wp\/v2\/pages\/1996\/revisions"}],"predecessor-version":[{"id":2008,"href":"https:\/\/capsenegal.com\/en\/wp-json\/wp\/v2\/pages\/1996\/revisions\/2008"}],"wp:attachment":[{"href":"https:\/\/capsenegal.com\/en\/wp-json\/wp\/v2\/media?parent=1996"}],"curies":[{"name":"wp","href":"https:\/\/api.w.org\/{rel}","templated":true}]}}